{"id":2292,"date":"2018-02-21T12:18:53","date_gmt":"2018-02-21T11:18:53","guid":{"rendered":"https:\/\/grunerka.sk\/?page_id=2292"},"modified":"2022-06-28T14:35:03","modified_gmt":"2022-06-28T12:35:03","slug":"contact","status":"publish","type":"page","link":"https:\/\/grunerka.sk\/ru\/contact\/","title":{"rendered":"RU &#8212; Kontakt"},"content":{"rendered":"<div class=\"fusion-fullwidth fullwidth-box fusion-builder-row-1 nonhundred-percent-fullwidth non-hundred-percent-height-scrolling fusion-equal-height-columns\" style=\"background-color: rgba(255,255,255,0);background-position: center bottom;background-repeat: no-repeat;padding-top:130px;padding-right:0px;padding-bottom:110px;padding-left:0px;margin-bottom: 0px;margin-top: 0px;border-width: 0px 0px 0px 0px;border-color:#eae9e9;border-style:solid;\" ><div class=\"fusion-builder-row fusion-row\"><div class=\"fusion-layout-column fusion_builder_column fusion-builder-column-0 fusion_builder_column_1_3 1_3 fusion-one-third fusion-column-first\" style=\"width:30.6666%; margin-right: 4%;margin-top:0px;margin-bottom:0px;\"><div class=\"fusion-column-wrapper fusion-flex-column-wrapper-legacy\" style=\"background-position:left top;background-repeat:no-repeat;-webkit-background-size:cover;-moz-background-size:cover;-o-background-size:cover;background-size:cover;border-width: 0 2px 0 0;border-color:#e0dede;border-style:solid;padding: 0px 30px 0px 0px;\"><div class=\"fusion-text fusion-text-1\"><h2 style=\"text-align: right; color: #c2a375;\">\u0417\u0430\u0434\u0430\u0439\u0442\u0435 \u0432\u043e\u043f\u0440\u043e\u0441!<\/h2>\n<\/div><div class=\"fusion-text fusion-text-2\"><p style=\"text-align: right;\">\u0411\u0435\u0437 \u0441\u043e\u043c\u043d\u0435\u043d\u0438\u0439 \u0441\u0432\u044f\u0436\u0438\u0442\u0435\u0441\u044c \u0441 \u043d\u0430\u043c\u0438! \u0423\u0437\u043d\u0430\u0439\u0442\u0435 \u043f\u043e\u0434\u0440\u043e\u0431\u043d\u043e\u0441\u0442\u0438, \u043e\u0437\u043d\u0430\u043a\u043e\u043c\u044c\u0442\u0435\u0441\u044c \u0441 \u0440\u0430\u0441\u043f\u043e\u043b\u043e\u0436\u0435\u043d\u0438\u0435\u043c. \u0422\u043e\u0440\u043e\u043f\u0438\u0442\u0435\u0441\u044c, \u043f\u0435\u0440\u0432\u044b\u0435 \u0434\u043e\u043c\u0430 \u0443\u0436\u0435 \u0437\u0430\u0431\u0440\u043e\u043d\u0438\u0440\u043e\u0432\u0430\u043d\u044b.<\/p>\n<\/div><div class=\"fusion-clearfix\"><\/div><\/div><\/div><div class=\"fusion-layout-column fusion_builder_column fusion-builder-column-1 fusion_builder_column_1_3 1_3 fusion-one-third\" style=\"width:30.6666%; margin-right: 4%;margin-top:0px;margin-bottom:20px;\"><div class=\"fusion-column-wrapper fusion-flex-column-wrapper-legacy\" style=\"background-position:left top;background-repeat:no-repeat;-webkit-background-size:cover;-moz-background-size:cover;-o-background-size:cover;background-size:cover;padding: 0px 0px 0px 0px;\"><div role=\"form\" class=\"wpcf7\" id=\"wpcf7-f6983-o1\" lang=\"ru-RU\" dir=\"ltr\">\n<div class=\"screen-reader-response\"><p role=\"status\" aria-live=\"polite\" aria-atomic=\"true\"><\/p> <ul><\/ul><\/div>\n<form action=\"\/ru\/wp-json\/wp\/v2\/pages\/2292#wpcf7-f6983-o1\" method=\"post\" class=\"wpcf7-form init\" novalidate=\"novalidate\" data-status=\"init\">\n<div style=\"display: none;\">\n<input type=\"hidden\" name=\"_wpcf7\" value=\"6983\" \/>\n<input type=\"hidden\" name=\"_wpcf7_version\" value=\"5.6\" \/>\n<input type=\"hidden\" name=\"_wpcf7_locale\" value=\"ru_RU\" \/>\n<input type=\"hidden\" name=\"_wpcf7_unit_tag\" value=\"wpcf7-f6983-o1\" \/>\n<input type=\"hidden\" name=\"_wpcf7_container_post\" value=\"0\" \/>\n<input type=\"hidden\" name=\"_wpcf7_posted_data_hash\" value=\"\" \/>\n<input type=\"hidden\" name=\"_wpcf7_recaptcha_response\" value=\"\" \/>\n<\/div>\n<div><!-- style=\"text-transform: uppercase;\" --><\/p>\n<p><label>\u0418\u043c\u044f<br \/>\n    <span class=\"wpcf7-form-control-wrap\" data-name=\"your-name\"><input type=\"text\" name=\"your-name\" value=\"\" size=\"40\" class=\"wpcf7-form-control wpcf7-text wpcf7-validates-as-required\" aria-required=\"true\" aria-invalid=\"false\" \/><\/span><\/label> <\/p>\n<p><label>\u0410\u0434\u0440\u0435\u0441 \u044d\u043b\u0435\u043a\u0442\u0440\u043e\u043d\u043d\u043e\u0439 \u043f\u043e\u0447\u0442\u044b<br \/>\n    <span class=\"wpcf7-form-control-wrap\" data-name=\"your-email\"><input type=\"email\" name=\"your-email\" value=\"\" size=\"40\" class=\"wpcf7-form-control wpcf7-text wpcf7-email wpcf7-validates-as-required wpcf7-validates-as-email\" aria-required=\"true\" aria-invalid=\"false\" \/><\/span> <\/label><\/p>\n<div><label>\u041c\u0435\u043d\u044f \u0438\u043d\u0442\u0435\u0440\u0435\u0441\u0443\u0435\u0442 <span class=\"wpcf7-form-control-wrap\" data-name=\"menu-962\"><select name=\"menu-962\" class=\"wpcf7-form-control wpcf7-select\" aria-invalid=\"false\"><option value=\"\"><\/option><option value=\"\u041e\u0442\u0434\u0435\u043b\u044c\u043d\u044b\u0439 \u0434\u043e\u043c \u2013 \u0431\u043e\u043b\u044c\u0448\u043e\u0439\">\u041e\u0442\u0434\u0435\u043b\u044c\u043d\u044b\u0439 \u0434\u043e\u043c \u2013 \u0431\u043e\u043b\u044c\u0448\u043e\u0439<\/option><option value=\"\u041e\u0442\u0434\u0435\u043b\u044c\u043d\u044b\u0439 \u0434\u043e\u043c \u2013 \u043d\u0435\u0431\u043e\u043b\u044c\u0448\u043e\u0439\">\u041e\u0442\u0434\u0435\u043b\u044c\u043d\u044b\u0439 \u0434\u043e\u043c \u2013 \u043d\u0435\u0431\u043e\u043b\u044c\u0448\u043e\u0439<\/option><option value=\"\u0422\u0430\u0443\u043d\u0445\u0430\u0443\u0441\">\u0422\u0430\u0443\u043d\u0445\u0430\u0443\u0441<\/option><option value=\"\u041f\u0440\u043e\u0447\u0430\u044f \u0438\u043d\u0444\u043e\u0440\u043c\u0430\u0446\u0438\u044f\">\u041f\u0440\u043e\u0447\u0430\u044f \u0438\u043d\u0444\u043e\u0440\u043c\u0430\u0446\u0438\u044f<\/option><\/select><\/span><\/label><\/div>\n<p><label> <br \/>\u0442\u0435\u043a\u0441\u0442 \u0441\u043e\u043e\u0431\u0449\u0435\u043d\u0438\u044f<br \/>\n    <span class=\"wpcf7-form-control-wrap\" data-name=\"your-message\"><textarea name=\"your-message\" cols=\"40\" rows=\"10\" class=\"wpcf7-form-control wpcf7-textarea\" aria-invalid=\"false\"><\/textarea><\/span> <\/label><\/p>\n\n<p><br><input type=\"submit\" value=\"\u041e\u0442\u043f\u0440\u0430\u0432\u0438\u0442\u044c \u0441\u043e\u043e\u0431\u0449\u0435\u043d\u0438\u0435\" class=\"wpcf7-form-control has-spinner wpcf7-submit\" \/><\/p>\n<\/div>\n<div class=\"fusion-alert alert custom alert-custom fusion-alert-center wpcf7-response-output alert-dismissable\" role=\"alert\" style=\"border-width:1px;\"><div class=\"fusion-alert-content-wrapper\"><span class=\"fusion-alert-content\"><\/span><\/div><button type=\"button\" class=\"close toggle-alert\" data-dismiss=\"alert\" aria-label=\"Close\">&times;<\/button><\/div><\/form><\/div><div class=\"fusion-clearfix\"><\/div><\/div><\/div><div class=\"fusion-layout-column fusion_builder_column fusion-builder-column-2 fusion_builder_column_1_3 1_3 fusion-one-third fusion-column-last\" style=\"width:30.6666%;margin-top:0px;margin-bottom:20px;\"><div class=\"fusion-column-wrapper fusion-flex-column-wrapper-legacy\" style=\"background-position:left top;background-repeat:no-repeat;-webkit-background-size:cover;-moz-background-size:cover;-o-background-size:cover;background-size:cover;padding: 0px 0px 0px 0px;\">\t\t\t\t\t<script type=\"text\/javascript\">\n\t\t\t\t\t\tvar map_fusion_map_69ee3bfab9a84;\n\t\t\t\t\t\tvar markers = [];\n\t\t\t\t\t\tvar counter = 0;\n\t\t\t\t\t\t\t\t\t\t\t\t\t\t\t\t\t\t\t\tvar fusionMapNonce = 'c0d887bef7';\n\t\t\t\t\t\t\t\t\t\t\t\tfunction fusion_run_map_fusion_map_69ee3bfab9a84() {\n\t\t\t\t\t\t\tjQuery('#fusion_map_69ee3bfab9a84').fusion_maps({\n\t\t\t\t\t\t\t\taddresses: [{\"address\":\"Andreja Kme\\u0165a 4<br \\\/>\\nBansk\\u00e1 \\u0160tiavnica\",\"infobox_content\":\"\",\"marker\":\"\\\/redred\\\/pin.png\",\"coordinates\":false,\"cache\":true,\"latitude\":\"48.4587124\",\"longitude\":\"18.893706399999928\"}],\n\t\t\t\t\t\t\t\tanimations: true,\n\t\t\t\t\t\t\t\tinfobox_background_color: '',\n\t\t\t\t\t\t\t\tinfobox_styling: 'default',\n\t\t\t\t\t\t\t\tinfobox_text_color: '',\n\t\t\t\t\t\t\t\tmap_style: 'custom',\n\t\t\t\t\t\t\t\tmap_type: 'roadmap',\n\t\t\t\t\t\t\t\tmarker_icon: '\/redred\/pin.png',\n\t\t\t\t\t\t\t\toverlay_color: '',\n\t\t\t\t\t\t\t\toverlay_color_hsl: {\"hue\":0,\"sat\":0,\"lum\":100},\n\t\t\t\t\t\t\t\tpan_control: false,\n\t\t\t\t\t\t\t\tshow_address: false,\n\t\t\t\t\t\t\t\tscale_control: false,\n\t\t\t\t\t\t\t\tscrollwheel: false,\n\t\t\t\t\t\t\t\tzoom: 16,\n\t\t\t\t\t\t\t\tzoom_control: false,\n\t\t\t\t\t\t\t});\n\t\t\t\t\t\t}\n\n\t\t\t\t\t\tgoogle.maps.event.addDomListener(window, 'load', fusion_run_map_fusion_map_69ee3bfab9a84);\n\t\t\t\t\t<\/script>\n\t\t\t\t\t<div class=\"shortcode-map fusion-google-map fusion-maps-js-type\" id=\"fusion_map_69ee3bfab9a84\" style=\"height:300px;width:100%;\"><\/div><div class=\"fusion-sep-clear\"><\/div><div class=\"fusion-separator fusion-full-width-sep\" style=\"margin-left: auto;margin-right: auto;margin-top:40px;width:100%;\"><\/div><div class=\"fusion-sep-clear\"><\/div><div class=\"fusion-text fusion-text-3\"><div>GR\u00dcNERKA SHOWROOM<br \/>\nAndreja Kme\u0165a 4<br \/>\n969 01 Bansk\u00e1 \u0160tiavnica<br \/>\n\u0442\u0435\u043b\u0435\u0444\u043e\u043d: <a href=\"tel:+421907211022\">+421 907 211 022<\/a><br \/>\n\u0430\u0434\u0440\u0435\u0441 \u044d\u043b\u0435\u043a\u0442\u0440\u043e\u043d\u043d\u043e\u0439 \u043f\u043e\u0447\u0442\u044b: <a href=\"mailto:info@grunerka.sk\">info@grunerka.sk<\/a><\/div>\n<\/div><div class=\"fusion-clearfix\"><\/div><\/div><\/div><\/div><\/div>\n","protected":false},"excerpt":{"rendered":"","protected":false},"author":3,"featured_media":0,"parent":0,"menu_order":0,"comment_status":"closed","ping_status":"open","template":"100-width.php","meta":{"_monsterinsights_skip_tracking":false,"_monsterinsights_sitenote_active":false,"_monsterinsights_sitenote_note":"","_monsterinsights_sitenote_category":0},"yoast_head":"<!-- This site is optimized with the Yoast SEO plugin v19.2 - https:\/\/yoast.com\/wordpress\/plugins\/seo\/ -->\n<title>\u041a\u043e\u043d\u0442\u0430\u043a\u0442\u044b - GR\u00dcNERKA - \u042f \u0425\u041e\u0427\u0423 \u0423\u0417\u041d\u0410\u0422\u042c \u0411\u041e\u041b\u042c\u0428\u0415<\/title>\n<meta name=\"description\" content=\"\u0417\u0430\u0434\u0430\u0439\u0442\u0435 \u0432\u043e\u043f\u0440\u043e\u0441! \u0411\u0435\u0437 \u0441\u043e\u043c\u043d\u0435\u043d\u0438\u0439 \u0441\u0432\u044f\u0436\u0438\u0442\u0435\u0441\u044c \u0441 \u043d\u0430\u043c\u0438! \u0423\u0437\u043d\u0430\u0439\u0442\u0435 \u043f\u043e\u0434\u0440\u043e\u0431\u043d\u043e\u0441\u0442\u0438, \u043e\u0437\u043d\u0430\u043a\u043e\u043c\u044c\u0442\u0435\u0441\u044c \u0441 \u0440\u0430\u0441\u043f\u043e\u043b\u043e\u0436\u0435\u043d\u0438\u0435\u043c. \u0422\u043e\u0440\u043e\u043f\u0438\u0442\u0435\u0441\u044c, \u043f\u0435\u0440\u0432\u044b\u0435 \u0434\u043e\u043c\u0430 \u0443\u0436\u0435 \u0437\u0430\u0431\u0440\u043e\u043d\u0438\u0440\u043e\u0432\u0430\u043d\u044b.\" \/>\n<meta name=\"robots\" content=\"index, follow, max-snippet:-1, max-image-preview:large, max-video-preview:-1\" \/>\n<link rel=\"canonical\" href=\"https:\/\/grunerka.sk\/ru\/contact\/\" \/>\n<meta property=\"og:locale\" content=\"ru_RU\" \/>\n<meta property=\"og:type\" content=\"article\" \/>\n<meta property=\"og:title\" content=\"\u041a\u043e\u043d\u0442\u0430\u043a\u0442\u044b - GR\u00dcNERKA - \u042f \u0425\u041e\u0427\u0423 \u0423\u0417\u041d\u0410\u0422\u042c \u0411\u041e\u041b\u042c\u0428\u0415\" \/>\n<meta property=\"og:description\" content=\"\u0417\u0430\u0434\u0430\u0439\u0442\u0435 \u0432\u043e\u043f\u0440\u043e\u0441! \u0411\u0435\u0437 \u0441\u043e\u043c\u043d\u0435\u043d\u0438\u0439 \u0441\u0432\u044f\u0436\u0438\u0442\u0435\u0441\u044c \u0441 \u043d\u0430\u043c\u0438! \u0423\u0437\u043d\u0430\u0439\u0442\u0435 \u043f\u043e\u0434\u0440\u043e\u0431\u043d\u043e\u0441\u0442\u0438, \u043e\u0437\u043d\u0430\u043a\u043e\u043c\u044c\u0442\u0435\u0441\u044c \u0441 \u0440\u0430\u0441\u043f\u043e\u043b\u043e\u0436\u0435\u043d\u0438\u0435\u043c. \u0422\u043e\u0440\u043e\u043f\u0438\u0442\u0435\u0441\u044c, \u043f\u0435\u0440\u0432\u044b\u0435 \u0434\u043e\u043c\u0430 \u0443\u0436\u0435 \u0437\u0430\u0431\u0440\u043e\u043d\u0438\u0440\u043e\u0432\u0430\u043d\u044b.\" \/>\n<meta property=\"og:url\" content=\"https:\/\/grunerka.sk\/ru\/contact\/\" \/>\n<meta property=\"og:site_name\" content=\"GR\u00dcNERKA\" \/>\n<meta property=\"article:modified_time\" content=\"2022-06-28T12:35:03+00:00\" \/>\n<meta name=\"author\" content=\"Marek Le\u0161i\u010dko\" \/>\n<meta name=\"twitter:card\" content=\"summary\" \/>\n<meta name=\"twitter:label1\" content=\"\u041f\u0440\u0438\u043c\u0435\u0440\u043d\u043e\u0435 \u0432\u0440\u0435\u043c\u044f \u0434\u043b\u044f \u0447\u0442\u0435\u043d\u0438\u044f\" \/>\n\t<meta name=\"twitter:data1\" content=\"2 \u043c\u0438\u043d\u0443\u0442\u044b\" \/>\n<script type=\"application\/ld+json\" class=\"yoast-schema-graph\">{\"@context\":\"https:\/\/schema.org\",\"@graph\":[{\"@type\":\"Organization\",\"@id\":\"https:\/\/grunerka.sk\/#organization\",\"name\":\"GR\u00dcNERKA\",\"url\":\"https:\/\/grunerka.sk\/\",\"sameAs\":[],\"logo\":{\"@type\":\"ImageObject\",\"inLanguage\":\"ru-RU\",\"@id\":\"https:\/\/grunerka.sk\/#\/schema\/logo\/image\/\",\"url\":\"https:\/\/grunerka.sk\/wp-content\/uploads\/2017\/12\/logo-grunerkaCLR200r.png\",\"contentUrl\":\"https:\/\/grunerka.sk\/wp-content\/uploads\/2017\/12\/logo-grunerkaCLR200r.png\",\"width\":400,\"height\":122,\"caption\":\"GR\u00dcNERKA\"},\"image\":{\"@id\":\"https:\/\/grunerka.sk\/#\/schema\/logo\/image\/\"}},{\"@type\":\"WebSite\",\"@id\":\"https:\/\/grunerka.sk\/#website\",\"url\":\"https:\/\/grunerka.sk\/\",\"name\":\"GR\u00dcNERKA\",\"description\":\"...domov nad zlatom.\",\"publisher\":{\"@id\":\"https:\/\/grunerka.sk\/#organization\"},\"potentialAction\":[{\"@type\":\"SearchAction\",\"target\":{\"@type\":\"EntryPoint\",\"urlTemplate\":\"https:\/\/grunerka.sk\/?s={search_term_string}\"},\"query-input\":\"required name=search_term_string\"}],\"inLanguage\":\"ru-RU\"},{\"@type\":\"WebPage\",\"@id\":\"https:\/\/grunerka.sk\/ru\/contact\/#webpage\",\"url\":\"https:\/\/grunerka.sk\/ru\/contact\/\",\"name\":\"\u041a\u043e\u043d\u0442\u0430\u043a\u0442\u044b - GR\u00dcNERKA - \u042f \u0425\u041e\u0427\u0423 \u0423\u0417\u041d\u0410\u0422\u042c \u0411\u041e\u041b\u042c\u0428\u0415\",\"isPartOf\":{\"@id\":\"https:\/\/grunerka.sk\/#website\"},\"datePublished\":\"2018-02-21T11:18:53+00:00\",\"dateModified\":\"2022-06-28T12:35:03+00:00\",\"description\":\"\u0417\u0430\u0434\u0430\u0439\u0442\u0435 \u0432\u043e\u043f\u0440\u043e\u0441! \u0411\u0435\u0437 \u0441\u043e\u043c\u043d\u0435\u043d\u0438\u0439 \u0441\u0432\u044f\u0436\u0438\u0442\u0435\u0441\u044c \u0441 \u043d\u0430\u043c\u0438! \u0423\u0437\u043d\u0430\u0439\u0442\u0435 \u043f\u043e\u0434\u0440\u043e\u0431\u043d\u043e\u0441\u0442\u0438, \u043e\u0437\u043d\u0430\u043a\u043e\u043c\u044c\u0442\u0435\u0441\u044c \u0441 \u0440\u0430\u0441\u043f\u043e\u043b\u043e\u0436\u0435\u043d\u0438\u0435\u043c. \u0422\u043e\u0440\u043e\u043f\u0438\u0442\u0435\u0441\u044c, \u043f\u0435\u0440\u0432\u044b\u0435 \u0434\u043e\u043c\u0430 \u0443\u0436\u0435 \u0437\u0430\u0431\u0440\u043e\u043d\u0438\u0440\u043e\u0432\u0430\u043d\u044b.\",\"breadcrumb\":{\"@id\":\"https:\/\/grunerka.sk\/ru\/contact\/#breadcrumb\"},\"inLanguage\":\"ru-RU\",\"potentialAction\":[{\"@type\":\"ReadAction\",\"target\":[\"https:\/\/grunerka.sk\/ru\/contact\/\"]}]},{\"@type\":\"BreadcrumbList\",\"@id\":\"https:\/\/grunerka.sk\/ru\/contact\/#breadcrumb\",\"itemListElement\":[{\"@type\":\"ListItem\",\"position\":1,\"name\":\"Home\",\"item\":\"https:\/\/grunerka.sk\/ru\/\"},{\"@type\":\"ListItem\",\"position\":2,\"name\":\"RU &#8211; Kontakt\"}]}]}<\/script>\n<!-- \/ Yoast SEO plugin. -->","yoast_head_json":{"title":"\u041a\u043e\u043d\u0442\u0430\u043a\u0442\u044b - GR\u00dcNERKA - \u042f \u0425\u041e\u0427\u0423 \u0423\u0417\u041d\u0410\u0422\u042c \u0411\u041e\u041b\u042c\u0428\u0415","description":"\u0417\u0430\u0434\u0430\u0439\u0442\u0435 \u0432\u043e\u043f\u0440\u043e\u0441! \u0411\u0435\u0437 \u0441\u043e\u043c\u043d\u0435\u043d\u0438\u0439 \u0441\u0432\u044f\u0436\u0438\u0442\u0435\u0441\u044c \u0441 \u043d\u0430\u043c\u0438! \u0423\u0437\u043d\u0430\u0439\u0442\u0435 \u043f\u043e\u0434\u0440\u043e\u0431\u043d\u043e\u0441\u0442\u0438, \u043e\u0437\u043d\u0430\u043a\u043e\u043c\u044c\u0442\u0435\u0441\u044c \u0441 \u0440\u0430\u0441\u043f\u043e\u043b\u043e\u0436\u0435\u043d\u0438\u0435\u043c. \u0422\u043e\u0440\u043e\u043f\u0438\u0442\u0435\u0441\u044c, \u043f\u0435\u0440\u0432\u044b\u0435 \u0434\u043e\u043c\u0430 \u0443\u0436\u0435 \u0437\u0430\u0431\u0440\u043e\u043d\u0438\u0440\u043e\u0432\u0430\u043d\u044b.","robots":{"index":"index","follow":"follow","max-snippet":"max-snippet:-1","max-image-preview":"max-image-preview:large","max-video-preview":"max-video-preview:-1"},"canonical":"https:\/\/grunerka.sk\/ru\/contact\/","og_locale":"ru_RU","og_type":"article","og_title":"\u041a\u043e\u043d\u0442\u0430\u043a\u0442\u044b - GR\u00dcNERKA - \u042f \u0425\u041e\u0427\u0423 \u0423\u0417\u041d\u0410\u0422\u042c \u0411\u041e\u041b\u042c\u0428\u0415","og_description":"\u0417\u0430\u0434\u0430\u0439\u0442\u0435 \u0432\u043e\u043f\u0440\u043e\u0441! \u0411\u0435\u0437 \u0441\u043e\u043c\u043d\u0435\u043d\u0438\u0439 \u0441\u0432\u044f\u0436\u0438\u0442\u0435\u0441\u044c \u0441 \u043d\u0430\u043c\u0438! \u0423\u0437\u043d\u0430\u0439\u0442\u0435 \u043f\u043e\u0434\u0440\u043e\u0431\u043d\u043e\u0441\u0442\u0438, \u043e\u0437\u043d\u0430\u043a\u043e\u043c\u044c\u0442\u0435\u0441\u044c \u0441 \u0440\u0430\u0441\u043f\u043e\u043b\u043e\u0436\u0435\u043d\u0438\u0435\u043c. \u0422\u043e\u0440\u043e\u043f\u0438\u0442\u0435\u0441\u044c, \u043f\u0435\u0440\u0432\u044b\u0435 \u0434\u043e\u043c\u0430 \u0443\u0436\u0435 \u0437\u0430\u0431\u0440\u043e\u043d\u0438\u0440\u043e\u0432\u0430\u043d\u044b.","og_url":"https:\/\/grunerka.sk\/ru\/contact\/","og_site_name":"GR\u00dcNERKA","article_modified_time":"2022-06-28T12:35:03+00:00","author":"Marek Le\u0161i\u010dko","twitter_card":"summary","twitter_misc":{"\u041f\u0440\u0438\u043c\u0435\u0440\u043d\u043e\u0435 \u0432\u0440\u0435\u043c\u044f \u0434\u043b\u044f \u0447\u0442\u0435\u043d\u0438\u044f":"2 \u043c\u0438\u043d\u0443\u0442\u044b"},"schema":{"@context":"https:\/\/schema.org","@graph":[{"@type":"Organization","@id":"https:\/\/grunerka.sk\/#organization","name":"GR\u00dcNERKA","url":"https:\/\/grunerka.sk\/","sameAs":[],"logo":{"@type":"ImageObject","inLanguage":"ru-RU","@id":"https:\/\/grunerka.sk\/#\/schema\/logo\/image\/","url":"https:\/\/grunerka.sk\/wp-content\/uploads\/2017\/12\/logo-grunerkaCLR200r.png","contentUrl":"https:\/\/grunerka.sk\/wp-content\/uploads\/2017\/12\/logo-grunerkaCLR200r.png","width":400,"height":122,"caption":"GR\u00dcNERKA"},"image":{"@id":"https:\/\/grunerka.sk\/#\/schema\/logo\/image\/"}},{"@type":"WebSite","@id":"https:\/\/grunerka.sk\/#website","url":"https:\/\/grunerka.sk\/","name":"GR\u00dcNERKA","description":"...domov nad zlatom.","publisher":{"@id":"https:\/\/grunerka.sk\/#organization"},"potentialAction":[{"@type":"SearchAction","target":{"@type":"EntryPoint","urlTemplate":"https:\/\/grunerka.sk\/?s={search_term_string}"},"query-input":"required name=search_term_string"}],"inLanguage":"ru-RU"},{"@type":"WebPage","@id":"https:\/\/grunerka.sk\/ru\/contact\/#webpage","url":"https:\/\/grunerka.sk\/ru\/contact\/","name":"\u041a\u043e\u043d\u0442\u0430\u043a\u0442\u044b - GR\u00dcNERKA - \u042f \u0425\u041e\u0427\u0423 \u0423\u0417\u041d\u0410\u0422\u042c \u0411\u041e\u041b\u042c\u0428\u0415","isPartOf":{"@id":"https:\/\/grunerka.sk\/#website"},"datePublished":"2018-02-21T11:18:53+00:00","dateModified":"2022-06-28T12:35:03+00:00","description":"\u0417\u0430\u0434\u0430\u0439\u0442\u0435 \u0432\u043e\u043f\u0440\u043e\u0441! \u0411\u0435\u0437 \u0441\u043e\u043c\u043d\u0435\u043d\u0438\u0439 \u0441\u0432\u044f\u0436\u0438\u0442\u0435\u0441\u044c \u0441 \u043d\u0430\u043c\u0438! \u0423\u0437\u043d\u0430\u0439\u0442\u0435 \u043f\u043e\u0434\u0440\u043e\u0431\u043d\u043e\u0441\u0442\u0438, \u043e\u0437\u043d\u0430\u043a\u043e\u043c\u044c\u0442\u0435\u0441\u044c \u0441 \u0440\u0430\u0441\u043f\u043e\u043b\u043e\u0436\u0435\u043d\u0438\u0435\u043c. \u0422\u043e\u0440\u043e\u043f\u0438\u0442\u0435\u0441\u044c, \u043f\u0435\u0440\u0432\u044b\u0435 \u0434\u043e\u043c\u0430 \u0443\u0436\u0435 \u0437\u0430\u0431\u0440\u043e\u043d\u0438\u0440\u043e\u0432\u0430\u043d\u044b.","breadcrumb":{"@id":"https:\/\/grunerka.sk\/ru\/contact\/#breadcrumb"},"inLanguage":"ru-RU","potentialAction":[{"@type":"ReadAction","target":["https:\/\/grunerka.sk\/ru\/contact\/"]}]},{"@type":"BreadcrumbList","@id":"https:\/\/grunerka.sk\/ru\/contact\/#breadcrumb","itemListElement":[{"@type":"ListItem","position":1,"name":"Home","item":"https:\/\/grunerka.sk\/ru\/"},{"@type":"ListItem","position":2,"name":"RU &#8211; Kontakt"}]}]}},"_links":{"self":[{"href":"https:\/\/grunerka.sk\/ru\/wp-json\/wp\/v2\/pages\/2292"}],"collection":[{"href":"https:\/\/grunerka.sk\/ru\/wp-json\/wp\/v2\/pages"}],"about":[{"href":"https:\/\/grunerka.sk\/ru\/wp-json\/wp\/v2\/types\/page"}],"author":[{"embeddable":true,"href":"https:\/\/grunerka.sk\/ru\/wp-json\/wp\/v2\/users\/3"}],"replies":[{"embeddable":true,"href":"https:\/\/grunerka.sk\/ru\/wp-json\/wp\/v2\/comments?post=2292"}],"version-history":[{"count":6,"href":"https:\/\/grunerka.sk\/ru\/wp-json\/wp\/v2\/pages\/2292\/revisions"}],"predecessor-version":[{"id":6992,"href":"https:\/\/grunerka.sk\/ru\/wp-json\/wp\/v2\/pages\/2292\/revisions\/6992"}],"wp:attachment":[{"href":"https:\/\/grunerka.sk\/ru\/wp-json\/wp\/v2\/media?parent=2292"}],"curies":[{"name":"wp","href":"https:\/\/api.w.org\/{rel}","templated":true}]}}