{"id":2017,"date":"2018-02-20T15:17:10","date_gmt":"2018-02-20T14:17:10","guid":{"rendered":"https:\/\/grunerka.sk\/?page_id=2017"},"modified":"2018-02-20T15:28:00","modified_gmt":"2018-02-20T14:28:00","slug":"kontakt","status":"publish","type":"page","link":"https:\/\/grunerka.sk\/de\/kontakt\/","title":{"rendered":"Kontakt"},"content":{"rendered":"<div class=\"fusion-fullwidth fullwidth-box fusion-builder-row-1 nonhundred-percent-fullwidth non-hundred-percent-height-scrolling fusion-equal-height-columns\" style=\"background-color: rgba(255,255,255,0);background-position: center bottom;background-repeat: no-repeat;padding-top:130px;padding-right:0px;padding-bottom:110px;padding-left:0px;margin-bottom: 0px;margin-top: 0px;border-width: 0px 0px 0px 0px;border-color:#eae9e9;border-style:solid;\" ><div class=\"fusion-builder-row fusion-row\"><div class=\"fusion-layout-column fusion_builder_column fusion-builder-column-0 fusion_builder_column_1_3 1_3 fusion-one-third fusion-column-first\" style=\"width:30.6666%; margin-right: 4%;margin-top:0px;margin-bottom:0px;\"><div class=\"fusion-column-wrapper fusion-flex-column-wrapper-legacy\" style=\"background-position:left top;background-repeat:no-repeat;-webkit-background-size:cover;-moz-background-size:cover;-o-background-size:cover;background-size:cover;border-right:2px solid #e0dede;padding: 0px 30px 0px 0px;\"><div class=\"fusion-text fusion-text-1\"><h2 style=\"text-align: right; color: #c2a375;\">Stellen Sie uns Fragen!<\/h2>\n<\/div><div class=\"fusion-text fusion-text-2\"><p style=\"text-align: right;\">Z\u00f6gern Sie nicht, uns anzusprechen. Fragen Sie nach Details, kommen Sie sich den Standort ansehen. Z\u00f6gern Sie nicht, denn die ersten H\u00e4user sind bereits vergeben.<\/p>\n<\/div><div class=\"fusion-sep-clear\"><\/div><div class=\"fusion-separator fusion-full-width-sep\" style=\"margin-left: auto;margin-right: auto;margin-top:100px;width:100%;\"><\/div><div class=\"fusion-sep-clear\"><\/div><div class=\"fusion-clearfix\"><\/div><\/div><\/div><div class=\"fusion-layout-column fusion_builder_column fusion-builder-column-1 fusion_builder_column_1_3 1_3 fusion-one-third\" style=\"width:30.6666%; margin-right: 4%;margin-top:0px;margin-bottom:20px;\"><div class=\"fusion-column-wrapper fusion-flex-column-wrapper-legacy\" style=\"background-position:left top;background-repeat:no-repeat;-webkit-background-size:cover;-moz-background-size:cover;-o-background-size:cover;background-size:cover;padding: 0px 0px 0px 0px;\"><div role=\"form\" class=\"wpcf7\" id=\"wpcf7-f2022-o1\" lang=\"de-DE\" dir=\"ltr\">\n<div class=\"screen-reader-response\"><p role=\"status\" aria-live=\"polite\" aria-atomic=\"true\"><\/p> <ul><\/ul><\/div>\n<form action=\"\/de\/wp-json\/wp\/v2\/pages\/2017#wpcf7-f2022-o1\" method=\"post\" class=\"wpcf7-form init\" novalidate=\"novalidate\" data-status=\"init\">\n<div style=\"display: none;\">\n<input type=\"hidden\" name=\"_wpcf7\" value=\"2022\" \/>\n<input type=\"hidden\" name=\"_wpcf7_version\" value=\"5.6\" \/>\n<input type=\"hidden\" name=\"_wpcf7_locale\" value=\"de_DE\" \/>\n<input type=\"hidden\" name=\"_wpcf7_unit_tag\" value=\"wpcf7-f2022-o1\" \/>\n<input type=\"hidden\" name=\"_wpcf7_container_post\" value=\"0\" \/>\n<input type=\"hidden\" name=\"_wpcf7_posted_data_hash\" value=\"\" \/>\n<input type=\"hidden\" name=\"_wpcf7_recaptcha_response\" value=\"\" \/>\n<\/div>\n<div><!-- style=\"text-transform: uppercase;\" --><\/p>\n<p><label>Name<br \/>\n    <span class=\"wpcf7-form-control-wrap\" data-name=\"your-name\"><input type=\"text\" name=\"your-name\" value=\"\" size=\"40\" class=\"wpcf7-form-control wpcf7-text wpcf7-validates-as-required\" aria-required=\"true\" aria-invalid=\"false\" \/><\/span><\/label> <\/p>\n<p><label>E-mail<br \/>\n    <span class=\"wpcf7-form-control-wrap\" data-name=\"your-email\"><input type=\"email\" name=\"your-email\" value=\"\" size=\"40\" class=\"wpcf7-form-control wpcf7-text wpcf7-email wpcf7-validates-as-required wpcf7-validates-as-email\" aria-required=\"true\" aria-invalid=\"false\" \/><\/span> <\/label><\/p>\n<div><label>Ich interessiere mich f\u00fcr <span class=\"wpcf7-form-control-wrap\" data-name=\"menu-962\"><select name=\"menu-962\" class=\"wpcf7-form-control wpcf7-select\" aria-invalid=\"false\"><option value=\"\"><\/option><option value=\"Reihenhaus\">Reihenhaus<\/option><option value=\"Einzelhaus \u2013 kleiner\">Einzelhaus \u2013 kleiner<\/option><option value=\"Einzelhaus \u2013 gr\u00f6\u00dfer\">Einzelhaus \u2013 gr\u00f6\u00dfer<\/option><option value=\"Andere Informationen\">Andere Informationen<\/option><\/select><\/span><\/label><\/div>\n<p><label> <br \/>Nachrich<br \/>\n    <span class=\"wpcf7-form-control-wrap\" data-name=\"your-message\"><textarea name=\"your-message\" cols=\"40\" rows=\"10\" class=\"wpcf7-form-control wpcf7-textarea\" aria-invalid=\"false\"><\/textarea><\/span> <\/label><\/p>\n\n<p><br><input type=\"submit\" value=\"Nachricht senden\" class=\"wpcf7-form-control has-spinner wpcf7-submit\" \/><\/p>\n<\/div>\n<div class=\"fusion-alert alert custom alert-custom fusion-alert-center wpcf7-response-output alert-dismissable\" role=\"alert\" style=\"border-width:1px;\"><div class=\"fusion-alert-content-wrapper\"><span class=\"fusion-alert-content\"><\/span><\/div><button type=\"button\" class=\"close toggle-alert\" data-dismiss=\"alert\" aria-label=\"Close\">&times;<\/button><\/div><\/form><\/div><div class=\"fusion-clearfix\"><\/div><\/div><\/div><div class=\"fusion-layout-column fusion_builder_column fusion-builder-column-2 fusion_builder_column_1_3 1_3 fusion-one-third fusion-column-last\" style=\"width:30.6666%;margin-top:0px;margin-bottom:20px;\"><div class=\"fusion-column-wrapper fusion-flex-column-wrapper-legacy\" style=\"background-position:left top;background-repeat:no-repeat;-webkit-background-size:cover;-moz-background-size:cover;-o-background-size:cover;background-size:cover;padding: 0px 0px 0px 0px;\">\t\t\t\t\t<script type=\"text\/javascript\">\n\t\t\t\t\t\tvar map_fusion_map_69ee4d50ef5db;\n\t\t\t\t\t\tvar markers = [];\n\t\t\t\t\t\tvar counter = 0;\n\t\t\t\t\t\t\t\t\t\t\t\t\t\t\t\t\t\t\t\tvar fusionMapNonce = 'c0d887bef7';\n\t\t\t\t\t\t\t\t\t\t\t\tfunction fusion_run_map_fusion_map_69ee4d50ef5db() {\n\t\t\t\t\t\t\tjQuery('#fusion_map_69ee4d50ef5db').fusion_maps({\n\t\t\t\t\t\t\t\taddresses: [{\"address\":\"Andreja Kme\\u0165a 4<br \\\/>\\nBansk\\u00e1 \\u0160tiavnica\",\"infobox_content\":\"\",\"marker\":\"\\\/redred\\\/pin.png\",\"coordinates\":false,\"cache\":true,\"latitude\":\"48.4587124\",\"longitude\":\"18.893706399999928\"}],\n\t\t\t\t\t\t\t\tanimations: true,\n\t\t\t\t\t\t\t\tinfobox_background_color: '',\n\t\t\t\t\t\t\t\tinfobox_styling: 'default',\n\t\t\t\t\t\t\t\tinfobox_text_color: '',\n\t\t\t\t\t\t\t\tmap_style: 'custom',\n\t\t\t\t\t\t\t\tmap_type: 'roadmap',\n\t\t\t\t\t\t\t\tmarker_icon: '\/redred\/pin.png',\n\t\t\t\t\t\t\t\toverlay_color: '',\n\t\t\t\t\t\t\t\toverlay_color_hsl: {\"hue\":0,\"sat\":0,\"lum\":100},\n\t\t\t\t\t\t\t\tpan_control: false,\n\t\t\t\t\t\t\t\tshow_address: false,\n\t\t\t\t\t\t\t\tscale_control: false,\n\t\t\t\t\t\t\t\tscrollwheel: false,\n\t\t\t\t\t\t\t\tzoom: 16,\n\t\t\t\t\t\t\t\tzoom_control: false,\n\t\t\t\t\t\t\t});\n\t\t\t\t\t\t}\n\n\t\t\t\t\t\tgoogle.maps.event.addDomListener(window, 'load', fusion_run_map_fusion_map_69ee4d50ef5db);\n\t\t\t\t\t<\/script>\n\t\t\t\t\t<div class=\"shortcode-map fusion-google-map fusion-maps-js-type\" id=\"fusion_map_69ee4d50ef5db\" style=\"height:300px;width:100%;\"><\/div><div class=\"fusion-sep-clear\"><\/div><div class=\"fusion-separator fusion-full-width-sep\" style=\"margin-left: auto;margin-right: auto;margin-top:40px;width:100%;\"><\/div><div class=\"fusion-sep-clear\"><\/div><div class=\"fusion-text fusion-text-3\"><div>GR\u00dcNERKA SHOWROOM<br \/>\nAndreja Kme\u0165a 4<br \/>\n969 01 Bansk\u00e1 \u0160tiavnica<br \/>\nMobil: <a href=\"tel:+421907211022\">+421 907 211 022<\/a><br \/>\nEmail: <a href=\"mailto:info@grunerka.sk\">info@grunerka.sk<\/a><\/div>\n<\/div><div class=\"fusion-clearfix\"><\/div><\/div><\/div><\/div><\/div>\n","protected":false},"excerpt":{"rendered":"","protected":false},"author":1,"featured_media":0,"parent":0,"menu_order":0,"comment_status":"closed","ping_status":"open","template":"100-width.php","meta":{"_monsterinsights_skip_tracking":false,"_monsterinsights_sitenote_active":false,"_monsterinsights_sitenote_note":"","_monsterinsights_sitenote_category":0},"yoast_head":"<!-- This site is optimized with the Yoast SEO plugin v19.2 - https:\/\/yoast.com\/wordpress\/plugins\/seo\/ -->\n<title>Kontakt - GR\u00dcNERKA<\/title>\n<meta name=\"robots\" content=\"index, follow, max-snippet:-1, max-image-preview:large, max-video-preview:-1\" \/>\n<link rel=\"canonical\" href=\"https:\/\/grunerka.sk\/de\/kontakt\/\" \/>\n<meta property=\"og:locale\" content=\"de_DE\" \/>\n<meta property=\"og:type\" content=\"article\" \/>\n<meta property=\"og:title\" content=\"Kontakt - GR\u00dcNERKA\" \/>\n<meta property=\"og:url\" content=\"https:\/\/grunerka.sk\/de\/kontakt\/\" \/>\n<meta property=\"og:site_name\" content=\"GR\u00dcNERKA\" \/>\n<meta property=\"article:modified_time\" content=\"2018-02-20T14:28:00+00:00\" \/>\n<meta name=\"author\" content=\"admin\" \/>\n<meta name=\"twitter:card\" content=\"summary\" \/>\n<meta name=\"twitter:label1\" content=\"Gesch\u00e4tzte Lesezeit\" \/>\n\t<meta name=\"twitter:data1\" content=\"2\u00a0Minuten\" \/>\n<script type=\"application\/ld+json\" class=\"yoast-schema-graph\">{\"@context\":\"https:\/\/schema.org\",\"@graph\":[{\"@type\":\"Organization\",\"@id\":\"https:\/\/grunerka.sk\/#organization\",\"name\":\"GR\u00dcNERKA\",\"url\":\"https:\/\/grunerka.sk\/\",\"sameAs\":[],\"logo\":{\"@type\":\"ImageObject\",\"inLanguage\":\"de\",\"@id\":\"https:\/\/grunerka.sk\/#\/schema\/logo\/image\/\",\"url\":\"https:\/\/grunerka.sk\/wp-content\/uploads\/2017\/12\/logo-grunerkaCLR200r.png\",\"contentUrl\":\"https:\/\/grunerka.sk\/wp-content\/uploads\/2017\/12\/logo-grunerkaCLR200r.png\",\"width\":400,\"height\":122,\"caption\":\"GR\u00dcNERKA\"},\"image\":{\"@id\":\"https:\/\/grunerka.sk\/#\/schema\/logo\/image\/\"}},{\"@type\":\"WebSite\",\"@id\":\"https:\/\/grunerka.sk\/#website\",\"url\":\"https:\/\/grunerka.sk\/\",\"name\":\"GR\u00dcNERKA\",\"description\":\"...domov nad zlatom.\",\"publisher\":{\"@id\":\"https:\/\/grunerka.sk\/#organization\"},\"potentialAction\":[{\"@type\":\"SearchAction\",\"target\":{\"@type\":\"EntryPoint\",\"urlTemplate\":\"https:\/\/grunerka.sk\/?s={search_term_string}\"},\"query-input\":\"required name=search_term_string\"}],\"inLanguage\":\"de\"},{\"@type\":\"WebPage\",\"@id\":\"https:\/\/grunerka.sk\/de\/kontakt\/#webpage\",\"url\":\"https:\/\/grunerka.sk\/de\/kontakt\/\",\"name\":\"Kontakt - GR\u00dcNERKA\",\"isPartOf\":{\"@id\":\"https:\/\/grunerka.sk\/#website\"},\"datePublished\":\"2018-02-20T14:17:10+00:00\",\"dateModified\":\"2018-02-20T14:28:00+00:00\",\"breadcrumb\":{\"@id\":\"https:\/\/grunerka.sk\/de\/kontakt\/#breadcrumb\"},\"inLanguage\":\"de\",\"potentialAction\":[{\"@type\":\"ReadAction\",\"target\":[\"https:\/\/grunerka.sk\/de\/kontakt\/\"]}]},{\"@type\":\"BreadcrumbList\",\"@id\":\"https:\/\/grunerka.sk\/de\/kontakt\/#breadcrumb\",\"itemListElement\":[{\"@type\":\"ListItem\",\"position\":1,\"name\":\"Home\",\"item\":\"https:\/\/grunerka.sk\/de\/\"},{\"@type\":\"ListItem\",\"position\":2,\"name\":\"Kontakt\"}]}]}<\/script>\n<!-- \/ Yoast SEO plugin. -->","yoast_head_json":{"title":"Kontakt - GR\u00dcNERKA","robots":{"index":"index","follow":"follow","max-snippet":"max-snippet:-1","max-image-preview":"max-image-preview:large","max-video-preview":"max-video-preview:-1"},"canonical":"https:\/\/grunerka.sk\/de\/kontakt\/","og_locale":"de_DE","og_type":"article","og_title":"Kontakt - GR\u00dcNERKA","og_url":"https:\/\/grunerka.sk\/de\/kontakt\/","og_site_name":"GR\u00dcNERKA","article_modified_time":"2018-02-20T14:28:00+00:00","author":"admin","twitter_card":"summary","twitter_misc":{"Gesch\u00e4tzte Lesezeit":"2\u00a0Minuten"},"schema":{"@context":"https:\/\/schema.org","@graph":[{"@type":"Organization","@id":"https:\/\/grunerka.sk\/#organization","name":"GR\u00dcNERKA","url":"https:\/\/grunerka.sk\/","sameAs":[],"logo":{"@type":"ImageObject","inLanguage":"de","@id":"https:\/\/grunerka.sk\/#\/schema\/logo\/image\/","url":"https:\/\/grunerka.sk\/wp-content\/uploads\/2017\/12\/logo-grunerkaCLR200r.png","contentUrl":"https:\/\/grunerka.sk\/wp-content\/uploads\/2017\/12\/logo-grunerkaCLR200r.png","width":400,"height":122,"caption":"GR\u00dcNERKA"},"image":{"@id":"https:\/\/grunerka.sk\/#\/schema\/logo\/image\/"}},{"@type":"WebSite","@id":"https:\/\/grunerka.sk\/#website","url":"https:\/\/grunerka.sk\/","name":"GR\u00dcNERKA","description":"...domov nad zlatom.","publisher":{"@id":"https:\/\/grunerka.sk\/#organization"},"potentialAction":[{"@type":"SearchAction","target":{"@type":"EntryPoint","urlTemplate":"https:\/\/grunerka.sk\/?s={search_term_string}"},"query-input":"required name=search_term_string"}],"inLanguage":"de"},{"@type":"WebPage","@id":"https:\/\/grunerka.sk\/de\/kontakt\/#webpage","url":"https:\/\/grunerka.sk\/de\/kontakt\/","name":"Kontakt - GR\u00dcNERKA","isPartOf":{"@id":"https:\/\/grunerka.sk\/#website"},"datePublished":"2018-02-20T14:17:10+00:00","dateModified":"2018-02-20T14:28:00+00:00","breadcrumb":{"@id":"https:\/\/grunerka.sk\/de\/kontakt\/#breadcrumb"},"inLanguage":"de","potentialAction":[{"@type":"ReadAction","target":["https:\/\/grunerka.sk\/de\/kontakt\/"]}]},{"@type":"BreadcrumbList","@id":"https:\/\/grunerka.sk\/de\/kontakt\/#breadcrumb","itemListElement":[{"@type":"ListItem","position":1,"name":"Home","item":"https:\/\/grunerka.sk\/de\/"},{"@type":"ListItem","position":2,"name":"Kontakt"}]}]}},"_links":{"self":[{"href":"https:\/\/grunerka.sk\/de\/wp-json\/wp\/v2\/pages\/2017"}],"collection":[{"href":"https:\/\/grunerka.sk\/de\/wp-json\/wp\/v2\/pages"}],"about":[{"href":"https:\/\/grunerka.sk\/de\/wp-json\/wp\/v2\/types\/page"}],"author":[{"embeddable":true,"href":"https:\/\/grunerka.sk\/de\/wp-json\/wp\/v2\/users\/1"}],"replies":[{"embeddable":true,"href":"https:\/\/grunerka.sk\/de\/wp-json\/wp\/v2\/comments?post=2017"}],"version-history":[{"count":3,"href":"https:\/\/grunerka.sk\/de\/wp-json\/wp\/v2\/pages\/2017\/revisions"}],"predecessor-version":[{"id":2023,"href":"https:\/\/grunerka.sk\/de\/wp-json\/wp\/v2\/pages\/2017\/revisions\/2023"}],"wp:attachment":[{"href":"https:\/\/grunerka.sk\/de\/wp-json\/wp\/v2\/media?parent=2017"}],"curies":[{"name":"wp","href":"https:\/\/api.w.org\/{rel}","templated":true}]}}